{"id":23,"date":"2014-08-25T12:40:33","date_gmt":"2014-08-25T09:40:33","guid":{"rendered":"http:\/\/plethorathemes.com\/dev\/cleanstart\/?page_id=23"},"modified":"2025-10-15T11:28:49","modified_gmt":"2025-10-15T08:28:49","slug":"contact","status":"publish","type":"page","link":"https:\/\/kryoteknik.com\/1\/contact","title":{"rendered":"CONTACT"},"content":{"rendered":"<section id=\"\"  class=\"light\"> <div class=\"container\">  <div class=\"row\"><div class=\"col-md-4  text-default\" ><div class=\"team_member office_address\"><img src=\"https:\/\/kryoteknik.com\/1\/wp-content\/uploads\/2018\/07\/logo-web.png\"  alt=\"KRYOTEKN\u0130KMAK\u0130NA VE DI\u015e. T\u0130C. LTD. \u015eT\u0130.\"><h5>KRYOTEKN\u0130KMAK\u0130NA VE DI\u015e. T\u0130C. LTD. \u015eT\u0130.<\/h5><small><\/small><br><br><address>Abdurrahmangazi Mah. Halife Cad.<br \/>\nNo: 24-26\/A 34887<br \/>\nSancaktepe\/\u0130STANBUL<\/address>\n<address>\u00a0<\/address>\n<address>Telephone: +90 (216) 629 5796-KRYO<\/address>\n<address>E-mail: info@kryoteknik.com<\/address>\n<\/div><\/div><div class=\"col-md-8  text-default\" >[vc_column_text]\n<div class=\"wpcf7 no-js\" id=\"wpcf7-f1996-o1\" lang=\"tr-TR\" dir=\"ltr\">\n<div class=\"screen-reader-response\"><p role=\"status\" aria-live=\"polite\" aria-atomic=\"true\"><\/p> <ul><\/ul><\/div>\n<form action=\"\/1\/wp-json\/wp\/v2\/pages\/23#wpcf7-f1996-o1\" method=\"post\" class=\"wpcf7-form init\" aria-label=\"Contact form\" novalidate=\"novalidate\" data-status=\"init\">\n<div style=\"display: none;\">\n<input type=\"hidden\" name=\"_wpcf7\" value=\"1996\" \/>\n<input type=\"hidden\" name=\"_wpcf7_version\" value=\"5.7.6\" \/>\n<input type=\"hidden\" name=\"_wpcf7_locale\" value=\"tr_TR\" \/>\n<input type=\"hidden\" name=\"_wpcf7_unit_tag\" value=\"wpcf7-f1996-o1\" \/>\n<input type=\"hidden\" name=\"_wpcf7_container_post\" value=\"0\" \/>\n<input type=\"hidden\" name=\"_wpcf7_posted_data_hash\" value=\"\" \/>\n<\/div>\n<div class=\"row\">\n\t<div class=\"col-sm-6 col-md-6\">\n\t\t<p><label>Name\/Surname<\/label><br \/>\n<span class=\"wpcf7-form-control-wrap\" data-name=\"your-name\"><input size=\"40\" class=\"wpcf7-form-control wpcf7-form-control form-control wpcf7-validates-as-required form-control\" aria-required=\"true\" aria-invalid=\"false\" value=\"\" type=\"text\" name=\"your-name\" \/><\/span>\n\t\t<\/p>\n\t<\/div>\n\t<div class=\"col-sm-6 col-md-6\">\n\t\t<p><label>E-mail<\/label><br \/>\n<span class=\"wpcf7-form-control-wrap\" data-name=\"your-email\"><input size=\"40\" class=\"wpcf7-form-control wpcf7-form-control form-control wpcf7-form-control form-control wpcf7-validates-as-required wpcf7-validates-as-email form-control\" aria-required=\"true\" aria-invalid=\"false\" value=\"\" type=\"email\" name=\"your-email\" \/><\/span>\n\t\t<\/p>\n\t<\/div>\n<\/div>\n<div class=\"row\">\n\t<div class=\"col-sm-12 col-md-12\">\n\t\t<p><label>Subject<\/label><br \/>\n<span class=\"wpcf7-form-control-wrap\" data-name=\"your-subject\"><input size=\"40\" class=\"wpcf7-form-control wpcf7-form-control form-control form-control\" aria-invalid=\"false\" value=\"\" type=\"text\" name=\"your-subject\" \/><\/span>\n\t\t<\/p>\n\t<\/div>\n<\/div>\n<div class=\"row\">\n\t<div class=\"col-sm-12 col-md-12\">\n\t\t<p><label>Your Message<\/label><br \/>\n<span class=\"wpcf7-form-control-wrap\" data-name=\"your-message\"><textarea cols=\"40\" rows=\"10\" class=\"wpcf7-form-control wpcf7-form-control wpcf7-form-control form-control form-control\" aria-invalid=\"false\" name=\"your-message\"><\/textarea><\/span>\n\t\t<\/p>\n\t<\/div>\n<\/div>\n<div class=\"row\">\n\t<div class=\"col-sm-12 col-md-12\">\n\t\t<p><input class=\"wpcf7-form-control has-spinner wpcf7-submit btn btn-primary btn btn-primary\" type=\"submit\" value=\"Send\" \/>\n\t\t<\/p>\n\t<\/div>\n<\/div><div class=\"wpcf7-response-output\" aria-hidden=\"true\"><\/div>\n<\/form>\n<\/div>\n[\/vc_column_text]<\/div>  <\/div>  <\/div><\/section>\n","protected":false},"excerpt":{"rendered":"KRYOTEKN\u0130KMAK\u0130NA VE DI\u015e. T\u0130C. LTD. \u015eT\u0130.Abdurrahmangazi Mah. Halife Cad. No: 24-26\/A 34887 Sancaktepe\/\u0130STANBUL \u00a0 Telephone: +90 (216) 629 5796-KRYO E-mail: info@kryoteknik.com [vc_column_text] Name\/Surname E-mail Subject Your Message [\/vc_column_text]","protected":false},"author":1,"featured_media":0,"parent":0,"menu_order":6,"comment_status":"closed","ping_status":"closed","template":"","meta":[],"_links":{"self":[{"href":"https:\/\/kryoteknik.com\/1\/wp-json\/wp\/v2\/pages\/23"}],"collection":[{"href":"https:\/\/kryoteknik.com\/1\/wp-json\/wp\/v2\/pages"}],"about":[{"href":"https:\/\/kryoteknik.com\/1\/wp-json\/wp\/v2\/types\/page"}],"author":[{"embeddable":true,"href":"https:\/\/kryoteknik.com\/1\/wp-json\/wp\/v2\/users\/1"}],"replies":[{"embeddable":true,"href":"https:\/\/kryoteknik.com\/1\/wp-json\/wp\/v2\/comments?post=23"}],"version-history":[{"count":10,"href":"https:\/\/kryoteknik.com\/1\/wp-json\/wp\/v2\/pages\/23\/revisions"}],"predecessor-version":[{"id":2191,"href":"https:\/\/kryoteknik.com\/1\/wp-json\/wp\/v2\/pages\/23\/revisions\/2191"}],"wp:attachment":[{"href":"https:\/\/kryoteknik.com\/1\/wp-json\/wp\/v2\/media?parent=23"}],"curies":[{"name":"wp","href":"https:\/\/api.w.org\/{rel}","templated":true}]}}